{"id":1808,"date":"2025-02-17T12:28:15","date_gmt":"2025-02-17T12:28:15","guid":{"rendered":"https:\/\/www.carrytableware.com\/pt\/?post_type=product&#038;p=1808"},"modified":"2025-03-19T06:16:19","modified_gmt":"2025-03-19T06:16:19","slug":"bagasse-paper-cups","status":"publish","type":"product","link":"https:\/\/www.carrytableware.com\/pt\/blog\/product\/bagasse-paper-cups\/","title":{"rendered":"Copo de papel com baga\u00e7o"},"content":{"rendered":"<p>Copo de papel com baga\u00e7o<br \/>\nMaterial Baga\u00e7o<br \/>\nCor Natural\/Branco<br \/>\nTamanho 250ml 350ml ou personalizado<br \/>\nEmbalagem a granel\/Opp<br \/>\nCaracter\u00edsticas Ecol\u00f3gico, compost\u00e1vel<br \/>\nPeso com base no tamanho<br \/>\nOEM\/ODM dispon\u00edvel<br \/>\nMOQ 40000 PCS<br \/>\nTempo de entrega 30-40 dias<br \/>\nDicas Uso \u00fanico, 100% ecol\u00f3gico e biodegrad\u00e1vel.<\/p>\n<p>Feitos de baga\u00e7o de cana-de-a\u00e7\u00facar, esses copos n\u00e3o s\u00e3o apenas biodegrad\u00e1veis \u200b\u200be compost\u00e1veis, mas tamb\u00e9m resistentes \u00e0 \u00e1gua e ao \u00f3leo. Voc\u00ea pode confiar na qualidade desses copos para todas as suas necessidades de bebidas quentes. Com um design resistente e a capacidade de lidar com alimentos e bebidas quentes de at\u00e9 212 graus Celsius, esses copos quentes s\u00e3o uma op\u00e7\u00e3o vers\u00e1til e ecol\u00f3gica para qualquer evento.<\/p>\n<p>Usos aplic\u00e1veis \u200b\u200bde nossos produtos:<br \/>\n1. Faixa de temperatura aplic\u00e1vel: -25\u2103 ~ 212\u2103.<br \/>\n2. Resistente a \u2266100\u2103 \u00f3leo e \u2266100\u2103 \u00e1gua.<br \/>\n3. Seguro para geladeira\/freezer.<br \/>\n4. Seguro para micro-ondas.<br \/>\n5. Seguro para forno: \u2266200\u2103, \u22663min.<\/p>\n","protected":false},"excerpt":{"rendered":"<p>Copo de papel com baga\u00e7o Material Baga\u00e7o Cor Natural\/Branco Tamanho 250ml 350ml ou personalizado Embalagem a granel\/Opp Caracter\u00edsticas Ecol\u00f3gico, compost\u00e1vel Peso com base no tamanho OEM\/ODM dispon\u00edvel MOQ 40000 PCS Tempo de entrega 30-40 dias Dicas Uso \u00fanico, 100% ecol\u00f3gico e biodegrad\u00e1vel. Feitos de baga\u00e7o de cana-de-a\u00e7\u00facar, esses copos n\u00e3o s\u00e3o apenas biodegrad\u00e1veis \u200b\u200be compost\u00e1veis, [&hellip;]<\/p>\n","protected":false},"featured_media":1947,"template":"","meta":{"_acf_changed":false},"product-category":[34],"class_list":["post-1808","product","type-product","status-publish","has-post-thumbnail","hentry","product-category-talheres-de-bagaco"],"acf":[],"_links":{"self":[{"href":"https:\/\/www.carrytableware.com\/pt\/wp-json\/wp\/v2\/product\/1808","targetHints":{"allow":["GET"]}}],"collection":[{"href":"https:\/\/www.carrytableware.com\/pt\/wp-json\/wp\/v2\/product"}],"about":[{"href":"https:\/\/www.carrytableware.com\/pt\/wp-json\/wp\/v2\/types\/product"}],"wp:featuredmedia":[{"embeddable":true,"href":"https:\/\/www.carrytableware.com\/pt\/wp-json\/wp\/v2\/media\/1947"}],"wp:attachment":[{"href":"https:\/\/www.carrytableware.com\/pt\/wp-json\/wp\/v2\/media?parent=1808"}],"wp:term":[{"taxonomy":"product-category","embeddable":true,"href":"https:\/\/www.carrytableware.com\/pt\/wp-json\/wp\/v2\/product-category?post=1808"}],"curies":[{"name":"wp","href":"https:\/\/api.w.org\/{rel}","templated":true}]}}