{"id":1811,"date":"2025-02-17T12:29:54","date_gmt":"2025-02-17T12:29:54","guid":{"rendered":"https:\/\/www.carrytableware.com\/pt\/?post_type=product&#038;p=1811"},"modified":"2025-03-19T04:30:09","modified_gmt":"2025-03-19T04:30:09","slug":"bagasse-plates","status":"publish","type":"product","link":"https:\/\/www.carrytableware.com\/pt\/blog\/product\/bagasse-plates\/","title":{"rendered":"Placa de baga\u00e7o"},"content":{"rendered":"<p>Placa de baga\u00e7o<br \/>\nMaterial Baga\u00e7o<br \/>\nCor branca<br \/>\nTamanho 6in 7in 8in 9in 10in 11in ou personalizado<br \/>\nEmbalagem a granel\/Opp<br \/>\nCarater\u00edsticas Eco-friendly, Compostable<br \/>\nPeso baseado no tamanho<br \/>\nOEM\/ODM dispon\u00edvel<br \/>\nMOQ 40000 PCS<br \/>\nTempo de entrega 30-40 dias<br \/>\nDicas Uso \u00fanico, 100% ecol\u00f3gico e biodegrad\u00e1vel.<\/p>\n<p>Fabricado a partir de baga\u00e7o de cana-de-a\u00e7\u00facar, este prato \u00e9 biodegrad\u00e1vel e compost\u00e1vel. Este prato \u00e9 tamb\u00e9m \u00e0 prova de \u00e1gua e resistente ao \u00f3leo. Adequado para micro-ondas e frigor\u00edfico\/congelador, pode manusear alimentos e bebidas quentes at\u00e9 212 graus Celsius.<\/p>\n<p>Utiliza\u00e7\u00f5es aplic\u00e1veis dos nossos produtos:<br \/>\n1. Faixa de temperaturer aplic\u00e1vel: -25 \u2103 ~ 212 \u2103.<br \/>\n2. Resistente a \u2266100\u2103 \u00f3leo e \u2266100\u2103 \u00e1gua.<br \/>\n3. Refrigerador \/ Congelador seguro.<br \/>\n4. Seguro para micro-ondas.<br \/>\n5. Seguro para o forno: \u2266200\u2103, \u22663min.<\/p>\n","protected":false},"excerpt":{"rendered":"<p>Placa de baga\u00e7o Material Baga\u00e7o Cor branca Tamanho 6in 7in 8in 9in 10in 11in ou personalizado Embalagem a granel\/Opp Carater\u00edsticas Eco-friendly, Compostable Peso baseado no tamanho OEM\/ODM dispon\u00edvel MOQ 40000 PCS Tempo de entrega 30-40 dias Dicas Uso \u00fanico, 100% ecol\u00f3gico e biodegrad\u00e1vel. Fabricado a partir de baga\u00e7o de cana-de-a\u00e7\u00facar, este prato \u00e9 biodegrad\u00e1vel e [&hellip;]<\/p>\n","protected":false},"featured_media":1941,"template":"","meta":{"_acf_changed":false},"product-category":[34],"class_list":["post-1811","product","type-product","status-publish","has-post-thumbnail","hentry","product-category-talheres-de-bagaco"],"acf":[],"_links":{"self":[{"href":"https:\/\/www.carrytableware.com\/pt\/wp-json\/wp\/v2\/product\/1811","targetHints":{"allow":["GET"]}}],"collection":[{"href":"https:\/\/www.carrytableware.com\/pt\/wp-json\/wp\/v2\/product"}],"about":[{"href":"https:\/\/www.carrytableware.com\/pt\/wp-json\/wp\/v2\/types\/product"}],"wp:featuredmedia":[{"embeddable":true,"href":"https:\/\/www.carrytableware.com\/pt\/wp-json\/wp\/v2\/media\/1941"}],"wp:attachment":[{"href":"https:\/\/www.carrytableware.com\/pt\/wp-json\/wp\/v2\/media?parent=1811"}],"wp:term":[{"taxonomy":"product-category","embeddable":true,"href":"https:\/\/www.carrytableware.com\/pt\/wp-json\/wp\/v2\/product-category?post=1811"}],"curies":[{"name":"wp","href":"https:\/\/api.w.org\/{rel}","templated":true}]}}