{"id":1817,"date":"2025-02-17T12:31:45","date_gmt":"2025-02-17T12:31:45","guid":{"rendered":"https:\/\/www.carrytableware.com\/pt\/?post_type=product&#038;p=1817"},"modified":"2025-03-19T04:27:17","modified_gmt":"2025-03-19T04:27:17","slug":"bagasse-food-container","status":"publish","type":"product","link":"https:\/\/www.carrytableware.com\/pt\/blog\/product\/bagasse-food-container\/","title":{"rendered":"Caixa de Hamb\u00farguer de Baga\u00e7o"},"content":{"rendered":"<p>Caixa de hamb\u00farguer de baga\u00e7o<br \/>\nMaterial Baga\u00e7o<br \/>\nCor Branco<br \/>\nTamanho 130*130*75mm 140*140*80mm 150*150*80mm ou personalizado<br \/>\nEmbalagem a granel\/Opp<br \/>\nCaracter\u00edsticas Ecol\u00f3gico, compost\u00e1vel<br \/>\nPeso com base no tamanho<br \/>\nOEM\/ODM dispon\u00edvel<br \/>\nMOQ 30000 PCS<br \/>\nTempo de entrega 30-40 dias<br \/>\nDicas Uso \u00fanico, 100% ecol\u00f3gico e biodegrad\u00e1vel.<\/p>\n<p>Feito de baga\u00e7o de cana-de-a\u00e7\u00facar, este prato \u00e9 biodegrad\u00e1vel e compost\u00e1vel, este prato tamb\u00e9m \u00e9 \u00e0 prova d&#8217;\u00e1gua e resistente a \u00f3leo. Pode ser usado em micro-ondas e geladeira\/freezer, pode lidar com alimentos e bebidas quentes at\u00e9 212 graus Celsius.<br \/>\nAplica\u00e7\u00e3o: Casa, Restaurante, Hotel, Bar, Casamento<br \/>\nUso: Recipiente para viagem, Embalagem de alimentos, Lancheira, Hamb\u00farguer, Mesa.<\/p>\n","protected":false},"excerpt":{"rendered":"<p>Caixa de hamb\u00farguer de baga\u00e7o Material Baga\u00e7o Cor Branco Tamanho 130*130*75mm 140*140*80mm 150*150*80mm ou personalizado Embalagem a granel\/Opp Caracter\u00edsticas Ecol\u00f3gico, compost\u00e1vel Peso com base no tamanho OEM\/ODM dispon\u00edvel MOQ 30000 PCS Tempo de entrega 30-40 dias Dicas Uso \u00fanico, 100% ecol\u00f3gico e biodegrad\u00e1vel. Feito de baga\u00e7o de cana-de-a\u00e7\u00facar, este prato \u00e9 biodegrad\u00e1vel e compost\u00e1vel, este [&hellip;]<\/p>\n","protected":false},"featured_media":1939,"template":"","meta":{"_acf_changed":false},"product-category":[34],"class_list":["post-1817","product","type-product","status-publish","has-post-thumbnail","hentry","product-category-talheres-de-bagaco"],"acf":[],"_links":{"self":[{"href":"https:\/\/www.carrytableware.com\/pt\/wp-json\/wp\/v2\/product\/1817","targetHints":{"allow":["GET"]}}],"collection":[{"href":"https:\/\/www.carrytableware.com\/pt\/wp-json\/wp\/v2\/product"}],"about":[{"href":"https:\/\/www.carrytableware.com\/pt\/wp-json\/wp\/v2\/types\/product"}],"wp:featuredmedia":[{"embeddable":true,"href":"https:\/\/www.carrytableware.com\/pt\/wp-json\/wp\/v2\/media\/1939"}],"wp:attachment":[{"href":"https:\/\/www.carrytableware.com\/pt\/wp-json\/wp\/v2\/media?parent=1817"}],"wp:term":[{"taxonomy":"product-category","embeddable":true,"href":"https:\/\/www.carrytableware.com\/pt\/wp-json\/wp\/v2\/product-category?post=1817"}],"curies":[{"name":"wp","href":"https:\/\/api.w.org\/{rel}","templated":true}]}}