{"id":2361,"date":"2025-06-12T03:32:59","date_gmt":"2025-06-12T03:32:59","guid":{"rendered":"https:\/\/www.carrytableware.com\/pt\/?post_type=product&#038;p=2361"},"modified":"2025-06-12T03:32:59","modified_gmt":"2025-06-12T03:32:59","slug":"tabua-de-bambu","status":"publish","type":"product","link":"https:\/\/www.carrytableware.com\/pt\/blog\/product\/tabua-de-bambu\/","title":{"rendered":"T\u00e1bua de bambu"},"content":{"rendered":"<p>T\u00e1bua de bambu<br \/>\nMaterial: Bambu<br \/>\nCor: Natural<br \/>\nTamanho: 24,5*18*0,8 cm, 28*20,5*0,8 cm, 33*24*0,8 cm ou personalizado<br \/>\nEmbalagem: Caixa<br \/>\nCaracter\u00edsticas: Ecol\u00f3gico, Compost\u00e1vel<br \/>\nPeso: Baseado no tamanho<br \/>\nDispon\u00edvel para OEM\/ODM<br \/>\nQuantidade m\u00ednima: 3000 unidades<br \/>\nPrazo de entrega: 30 a 40 dias<br \/>\n100% ecol\u00f3gico e biodegrad\u00e1vel<\/p>\n","protected":false},"excerpt":{"rendered":"<p>T\u00e1bua de bambu Material: Bambu Cor: Natural Tamanho: 24,5*18*0,8 cm, 28*20,5*0,8 cm, 33*24*0,8 cm ou personalizado Embalagem: Caixa Caracter\u00edsticas: Ecol\u00f3gico, Compost\u00e1vel Peso: Baseado no tamanho Dispon\u00edvel para OEM\/ODM Quantidade m\u00ednima: 3000 unidades Prazo de entrega: 30 a 40 dias 100% ecol\u00f3gico e biodegrad\u00e1vel<\/p>\n","protected":false},"featured_media":2371,"template":"","meta":{"_acf_changed":false},"product-category":[38],"class_list":["post-2361","product","type-product","status-publish","has-post-thumbnail","hentry","product-category-placa-de-bambu"],"acf":[],"_links":{"self":[{"href":"https:\/\/www.carrytableware.com\/pt\/wp-json\/wp\/v2\/product\/2361","targetHints":{"allow":["GET"]}}],"collection":[{"href":"https:\/\/www.carrytableware.com\/pt\/wp-json\/wp\/v2\/product"}],"about":[{"href":"https:\/\/www.carrytableware.com\/pt\/wp-json\/wp\/v2\/types\/product"}],"wp:featuredmedia":[{"embeddable":true,"href":"https:\/\/www.carrytableware.com\/pt\/wp-json\/wp\/v2\/media\/2371"}],"wp:attachment":[{"href":"https:\/\/www.carrytableware.com\/pt\/wp-json\/wp\/v2\/media?parent=2361"}],"wp:term":[{"taxonomy":"product-category","embeddable":true,"href":"https:\/\/www.carrytableware.com\/pt\/wp-json\/wp\/v2\/product-category?post=2361"}],"curies":[{"name":"wp","href":"https:\/\/api.w.org\/{rel}","templated":true}]}}