{"id":2373,"date":"2025-06-12T03:34:09","date_gmt":"2025-06-12T03:34:09","guid":{"rendered":"https:\/\/www.carrytableware.com\/pt\/?post_type=product&#038;p=2373"},"modified":"2025-06-12T03:34:09","modified_gmt":"2025-06-12T03:34:09","slug":"prato-de-pizza-de-bambu","status":"publish","type":"product","link":"https:\/\/www.carrytableware.com\/pt\/blog\/product\/prato-de-pizza-de-bambu\/","title":{"rendered":"Prato de pizza de bambu"},"content":{"rendered":"<p>Prato de pizza de bambu<br \/>\nMaterial: Bambu<br \/>\nCor: Natural<br \/>\nTamanho: 15, 18, 20, 23, 25, 28, 30, 30, 30 cm ou personalizado<br \/>\nEmbalagem: Caixa<br \/>\nCaracter\u00edsticas: Ecol\u00f3gico, Compost\u00e1vel<br \/>\nPeso: 3000 unidades<br \/>\nDispon\u00edvel para OEM\/ODM<br \/>\nQuantidade m\u00ednima: 3000 unidades<br \/>\nPrazo de entrega: 30 a 40 dias<br \/>\n100% ecol\u00f3gico e biodegrad\u00e1vel<\/p>\n","protected":false},"excerpt":{"rendered":"<p>Prato de pizza de bambu Material: Bambu Cor: Natural Tamanho: 15, 18, 20, 23, 25, 28, 30, 30, 30 cm ou personalizado Embalagem: Caixa Caracter\u00edsticas: Ecol\u00f3gico, Compost\u00e1vel Peso: 3000 unidades Dispon\u00edvel para OEM\/ODM Quantidade m\u00ednima: 3000 unidades Prazo de entrega: 30 a 40 dias 100% ecol\u00f3gico e biodegrad\u00e1vel<\/p>\n","protected":false},"featured_media":2370,"template":"","meta":{"_acf_changed":false},"product-category":[38],"class_list":["post-2373","product","type-product","status-publish","has-post-thumbnail","hentry","product-category-placa-de-bambu"],"acf":[],"_links":{"self":[{"href":"https:\/\/www.carrytableware.com\/pt\/wp-json\/wp\/v2\/product\/2373","targetHints":{"allow":["GET"]}}],"collection":[{"href":"https:\/\/www.carrytableware.com\/pt\/wp-json\/wp\/v2\/product"}],"about":[{"href":"https:\/\/www.carrytableware.com\/pt\/wp-json\/wp\/v2\/types\/product"}],"wp:featuredmedia":[{"embeddable":true,"href":"https:\/\/www.carrytableware.com\/pt\/wp-json\/wp\/v2\/media\/2370"}],"wp:attachment":[{"href":"https:\/\/www.carrytableware.com\/pt\/wp-json\/wp\/v2\/media?parent=2373"}],"wp:term":[{"taxonomy":"product-category","embeddable":true,"href":"https:\/\/www.carrytableware.com\/pt\/wp-json\/wp\/v2\/product-category?post=2373"}],"curies":[{"name":"wp","href":"https:\/\/api.w.org\/{rel}","templated":true}]}}