{"id":2374,"date":"2025-06-12T03:34:37","date_gmt":"2025-06-12T03:34:37","guid":{"rendered":"https:\/\/www.carrytableware.com\/pt\/?post_type=product&#038;p=2374"},"modified":"2025-06-12T03:35:11","modified_gmt":"2025-06-12T03:35:11","slug":"bandeja-quadrada-de-bambu","status":"publish","type":"product","link":"https:\/\/www.carrytableware.com\/pt\/blog\/product\/bandeja-quadrada-de-bambu\/","title":{"rendered":"Bandeja quadrada de bambu"},"content":{"rendered":"<p>Bandeja quadrada de bambu<br \/>\nMaterial: Bambu<br \/>\nCor: Natural<br \/>\nTamanho: 45*29*6,5 cm, 37,5*21,6*6,5 cm, 41*25*6,5 cm ou personalizado<br \/>\nEmbalagem: Caixa de papel\u00e3o<br \/>\nCaracter\u00edsticas: Ecol\u00f3gico, Compost\u00e1vel<br \/>\nPeso: Baseado no tamanho<br \/>\nDispon\u00edvel para OEM\/ODM<br \/>\nQuantidade m\u00ednima: 3000 unidades<br \/>\nPrazo de entrega: 30 a 40 dias<br \/>\n100% ecol\u00f3gico e biodegrad\u00e1vel<\/p>\n","protected":false},"excerpt":{"rendered":"<p>Bandeja quadrada de bambu Material: Bambu Cor: Natural Tamanho: 45*29*6,5 cm, 37,5*21,6*6,5 cm, 41*25*6,5 cm ou personalizado Embalagem: Caixa de papel\u00e3o Caracter\u00edsticas: Ecol\u00f3gico, Compost\u00e1vel Peso: Baseado no tamanho Dispon\u00edvel para OEM\/ODM Quantidade m\u00ednima: 3000 unidades Prazo de entrega: 30 a 40 dias 100% ecol\u00f3gico e biodegrad\u00e1vel<\/p>\n","protected":false},"featured_media":2364,"template":"","meta":{"_acf_changed":false},"product-category":[38],"class_list":["post-2374","product","type-product","status-publish","has-post-thumbnail","hentry","product-category-placa-de-bambu"],"acf":[],"_links":{"self":[{"href":"https:\/\/www.carrytableware.com\/pt\/wp-json\/wp\/v2\/product\/2374","targetHints":{"allow":["GET"]}}],"collection":[{"href":"https:\/\/www.carrytableware.com\/pt\/wp-json\/wp\/v2\/product"}],"about":[{"href":"https:\/\/www.carrytableware.com\/pt\/wp-json\/wp\/v2\/types\/product"}],"wp:featuredmedia":[{"embeddable":true,"href":"https:\/\/www.carrytableware.com\/pt\/wp-json\/wp\/v2\/media\/2364"}],"wp:attachment":[{"href":"https:\/\/www.carrytableware.com\/pt\/wp-json\/wp\/v2\/media?parent=2374"}],"wp:term":[{"taxonomy":"product-category","embeddable":true,"href":"https:\/\/www.carrytableware.com\/pt\/wp-json\/wp\/v2\/product-category?post=2374"}],"curies":[{"name":"wp","href":"https:\/\/api.w.org\/{rel}","templated":true}]}}