{"id":2376,"date":"2025-06-12T09:33:39","date_gmt":"2025-06-12T09:33:39","guid":{"rendered":"https:\/\/www.carrytableware.com\/pt\/?post_type=product&#038;p=2376"},"modified":"2025-06-12T09:33:39","modified_gmt":"2025-06-12T09:33:39","slug":"bandeja-redonda-de-bambu-2","status":"publish","type":"product","link":"https:\/\/www.carrytableware.com\/pt\/blog\/product\/bandeja-redonda-de-bambu-2\/","title":{"rendered":"Bandeja Redonda de Bambu"},"content":{"rendered":"<p>Bandeja Redonda de Bambu<br \/>\nMaterial: Bambu<br \/>\nCor: Natural<br \/>\nTamanho personalizado<br \/>\nEmbalagem: Caixa de papel\u00e3o<br \/>\nCaracter\u00edsticas: Ecol\u00f3gica, Compost\u00e1vel<br \/>\nPeso: Sujeito ao tamanho<br \/>\nDispon\u00edvel para OEM\/ODM<br \/>\nQuantidade m\u00ednima de 3000 unidades<br \/>\nPrazo de entrega: 30 a 40 dias<br \/>\n100% ecol\u00f3gica e biodegrad\u00e1vel<\/p>\n","protected":false},"excerpt":{"rendered":"<p>Bandeja Redonda de Bambu Material: Bambu Cor: Natural Tamanho personalizado Embalagem: Caixa de papel\u00e3o Caracter\u00edsticas: Ecol\u00f3gica, Compost\u00e1vel Peso: Sujeito ao tamanho Dispon\u00edvel para OEM\/ODM Quantidade m\u00ednima de 3000 unidades Prazo de entrega: 30 a 40 dias 100% ecol\u00f3gica e biodegrad\u00e1vel<\/p>\n","protected":false},"featured_media":2378,"template":"","meta":{"_acf_changed":false},"product-category":[38],"class_list":["post-2376","product","type-product","status-publish","has-post-thumbnail","hentry","product-category-placa-de-bambu"],"acf":[],"_links":{"self":[{"href":"https:\/\/www.carrytableware.com\/pt\/wp-json\/wp\/v2\/product\/2376","targetHints":{"allow":["GET"]}}],"collection":[{"href":"https:\/\/www.carrytableware.com\/pt\/wp-json\/wp\/v2\/product"}],"about":[{"href":"https:\/\/www.carrytableware.com\/pt\/wp-json\/wp\/v2\/types\/product"}],"wp:featuredmedia":[{"embeddable":true,"href":"https:\/\/www.carrytableware.com\/pt\/wp-json\/wp\/v2\/media\/2378"}],"wp:attachment":[{"href":"https:\/\/www.carrytableware.com\/pt\/wp-json\/wp\/v2\/media?parent=2376"}],"wp:term":[{"taxonomy":"product-category","embeddable":true,"href":"https:\/\/www.carrytableware.com\/pt\/wp-json\/wp\/v2\/product-category?post=2376"}],"curies":[{"name":"wp","href":"https:\/\/api.w.org\/{rel}","templated":true}]}}