{"id":2382,"date":"2025-06-12T09:34:50","date_gmt":"2025-06-12T09:34:50","guid":{"rendered":"https:\/\/www.carrytableware.com\/pt\/?post_type=product&#038;p=2382"},"modified":"2025-06-12T09:34:50","modified_gmt":"2025-06-12T09:34:50","slug":"bandeja-de-bambu-com-5-secoes","status":"publish","type":"product","link":"https:\/\/www.carrytableware.com\/pt\/blog\/product\/bandeja-de-bambu-com-5-secoes\/","title":{"rendered":"Bandeja de Bambu com 5 Se\u00e7\u00f5es"},"content":{"rendered":"<p>Bandeja de Bambu com 5 Se\u00e7\u00f5es<br \/>\nMaterial: Bambu<br \/>\nCor: Natural<br \/>\nTamanho personalizado<br \/>\nEmbalagem: Caixa de papel\u00e3o<br \/>\nCaracter\u00edsticas: Ecol\u00f3gico, Compost\u00e1vel<br \/>\nPeso: Conforme o tamanho<br \/>\nDispon\u00edvel para OEM\/ODM<br \/>\nQuantidade m\u00ednima: 3000 unidades<br \/>\nPrazo de entrega: 30 a 40 dias<br \/>\n100% ecol\u00f3gico e biodegrad\u00e1vel<\/p>\n","protected":false},"excerpt":{"rendered":"<p>Bandeja de Bambu com 5 Se\u00e7\u00f5es Material: Bambu Cor: Natural Tamanho personalizado Embalagem: Caixa de papel\u00e3o Caracter\u00edsticas: Ecol\u00f3gico, Compost\u00e1vel Peso: Conforme o tamanho Dispon\u00edvel para OEM\/ODM Quantidade m\u00ednima: 3000 unidades Prazo de entrega: 30 a 40 dias 100% ecol\u00f3gico e biodegrad\u00e1vel<\/p>\n","protected":false},"featured_media":2380,"template":"","meta":{"_acf_changed":false},"product-category":[38],"class_list":["post-2382","product","type-product","status-publish","has-post-thumbnail","hentry","product-category-placa-de-bambu"],"acf":[],"_links":{"self":[{"href":"https:\/\/www.carrytableware.com\/pt\/wp-json\/wp\/v2\/product\/2382","targetHints":{"allow":["GET"]}}],"collection":[{"href":"https:\/\/www.carrytableware.com\/pt\/wp-json\/wp\/v2\/product"}],"about":[{"href":"https:\/\/www.carrytableware.com\/pt\/wp-json\/wp\/v2\/types\/product"}],"wp:featuredmedia":[{"embeddable":true,"href":"https:\/\/www.carrytableware.com\/pt\/wp-json\/wp\/v2\/media\/2380"}],"wp:attachment":[{"href":"https:\/\/www.carrytableware.com\/pt\/wp-json\/wp\/v2\/media?parent=2382"}],"wp:term":[{"taxonomy":"product-category","embeddable":true,"href":"https:\/\/www.carrytableware.com\/pt\/wp-json\/wp\/v2\/product-category?post=2382"}],"curies":[{"name":"wp","href":"https:\/\/api.w.org\/{rel}","templated":true}]}}